{"id":1143,"date":"2024-01-04T10:26:56","date_gmt":"2024-01-04T09:26:56","guid":{"rendered":"http:\/\/neu.patenschaftsnetzwerk.de\/impressum\/"},"modified":"2024-05-22T16:34:28","modified_gmt":"2024-05-22T14:34:28","slug":"imprint","status":"publish","type":"page","link":"https:\/\/www.patenschaftsnetzwerk.de\/en\/imprint\/","title":{"rendered":"Imprint"},"content":{"rendered":"\n<p>Patenschaftsnetzwerk Ortskr\u00e4fte e.V.<br>Eberswalder Stra\u00dfe 46<br>16227 Eberswalde<\/p>\n\n\n\n<p>Register of Associations: VR 8507 P<br>Registration court: Amtsgericht Potsdam<\/p>\n\n\n\n<p><strong>Represented by:<\/strong><br>Herr Grotian, Herr Hankel, Frau R\u00f6mbach, Herr Nekzai, Herr Paaksimaa<\/p>\n\n\n\n<h2 class=\"wp-block-heading\">Contact<\/h2>\n\n\n\n<p>E-mail: info@patenschaftsnetzwerk.de<\/p>\n\n\n\n<h2 class=\"wp-block-heading\">Dispute resolution proceedings in front of a consumer arbitration board<\/h2>\n\n\n\n<p>We are not willing or obliged to participate in dispute resolution proceedings in front of a consumer arbitration board.<\/p>\n","protected":false},"excerpt":{"rendered":"<p>Patenschaftsnetzwerk Ortskr\u00e4fte e.V.Eberswalder Stra\u00dfe 4616227 Eberswalde Register of Associations: VR 8507 PRegistration court: Amtsgericht Potsdam Represented by:Herr Grotian, Herr Hankel, Frau R\u00f6mbach, Herr Nekzai, Herr Paaksimaa Contact E-mail: info@patenschaftsnetzwerk.de Dispute resolution proceedings in front of a consumer arbitration board We are not willing or obliged to participate in dispute resolution proceedings in front of a\u2026 <a href=\"https:\/\/www.patenschaftsnetzwerk.de\/en\/imprint\/\">Read More &raquo;<\/a><\/p>\n","protected":false},"author":1,"featured_media":0,"parent":0,"menu_order":99,"comment_status":"closed","ping_status":"closed","template":"","meta":{"_acf_changed":false,"inline_featured_image":false,"footnotes":""},"class_list":["post-1143","page","type-page","status-publish","hentry"],"acf":[],"yoast_head":"<!-- This site is optimized with the Yoast SEO plugin v27.5 - https:\/\/yoast.com\/product\/yoast-seo-wordpress\/ -->\n<title>Imprint - Patenschaftsnetzwerk Ortskr\u00e4fte<\/title>\n<meta name=\"robots\" content=\"index, follow, max-snippet:-1, max-image-preview:large, max-video-preview:-1\" \/>\n<link rel=\"canonical\" href=\"https:\/\/www.patenschaftsnetzwerk.de\/en\/imprint\/\" \/>\n<meta property=\"og:locale\" content=\"en_US\" \/>\n<meta property=\"og:type\" content=\"article\" \/>\n<meta property=\"og:title\" content=\"Imprint - Patenschaftsnetzwerk Ortskr\u00e4fte\" \/>\n<meta property=\"og:description\" content=\"Patenschaftsnetzwerk Ortskr\u00e4fte e.V.Eberswalder Stra\u00dfe 4616227 Eberswalde Register of Associations: VR 8507 PRegistration court: Amtsgericht Potsdam Represented by:Herr Grotian, Herr Hankel, Frau R\u00f6mbach, Herr Nekzai, Herr Paaksimaa Contact E-mail: info@patenschaftsnetzwerk.de Dispute resolution proceedings in front of a consumer arbitration board We are not willing or obliged to participate in dispute resolution proceedings in front of a\u2026 Read More &raquo;\" \/>\n<meta property=\"og:url\" content=\"https:\/\/www.patenschaftsnetzwerk.de\/en\/imprint\/\" \/>\n<meta property=\"og:site_name\" content=\"Patenschaftsnetzwerk Ortskr\u00e4fte\" \/>\n<meta property=\"article:modified_time\" content=\"2024-05-22T14:34:28+00:00\" \/>\n<meta name=\"twitter:card\" content=\"summary_large_image\" \/>\n<meta name=\"twitter:label1\" content=\"Est. reading time\" \/>\n\t<meta name=\"twitter:data1\" content=\"1 minute\" \/>\n<script type=\"application\/ld+json\" class=\"yoast-schema-graph\">{\"@context\":\"https:\\\/\\\/schema.org\",\"@graph\":[{\"@type\":\"WebPage\",\"@id\":\"https:\\\/\\\/www.patenschaftsnetzwerk.de\\\/en\\\/imprint\\\/\",\"url\":\"https:\\\/\\\/www.patenschaftsnetzwerk.de\\\/en\\\/imprint\\\/\",\"name\":\"Imprint - Patenschaftsnetzwerk Ortskr\u00e4fte\",\"isPartOf\":{\"@id\":\"https:\\\/\\\/www.patenschaftsnetzwerk.de\\\/en\\\/#website\"},\"datePublished\":\"2024-01-04T09:26:56+00:00\",\"dateModified\":\"2024-05-22T14:34:28+00:00\",\"breadcrumb\":{\"@id\":\"https:\\\/\\\/www.patenschaftsnetzwerk.de\\\/en\\\/imprint\\\/#breadcrumb\"},\"inLanguage\":\"en-US\",\"potentialAction\":[{\"@type\":\"ReadAction\",\"target\":[\"https:\\\/\\\/www.patenschaftsnetzwerk.de\\\/en\\\/imprint\\\/\"]}]},{\"@type\":\"BreadcrumbList\",\"@id\":\"https:\\\/\\\/www.patenschaftsnetzwerk.de\\\/en\\\/imprint\\\/#breadcrumb\",\"itemListElement\":[{\"@type\":\"ListItem\",\"position\":1,\"name\":\"Startseite\",\"item\":\"https:\\\/\\\/www.patenschaftsnetzwerk.de\\\/en\\\/\"},{\"@type\":\"ListItem\",\"position\":2,\"name\":\"Imprint\"}]},{\"@type\":\"WebSite\",\"@id\":\"https:\\\/\\\/www.patenschaftsnetzwerk.de\\\/en\\\/#website\",\"url\":\"https:\\\/\\\/www.patenschaftsnetzwerk.de\\\/en\\\/\",\"name\":\"Patenschaftsnetzwerk Ortskr\u00e4fte\",\"description\":\"\",\"potentialAction\":[{\"@type\":\"SearchAction\",\"target\":{\"@type\":\"EntryPoint\",\"urlTemplate\":\"https:\\\/\\\/www.patenschaftsnetzwerk.de\\\/en\\\/?s={search_term_string}\"},\"query-input\":{\"@type\":\"PropertyValueSpecification\",\"valueRequired\":true,\"valueName\":\"search_term_string\"}}],\"inLanguage\":\"en-US\"}]}<\/script>\n<!-- \/ Yoast SEO plugin. -->","yoast_head_json":{"title":"Imprint - Patenschaftsnetzwerk Ortskr\u00e4fte","robots":{"index":"index","follow":"follow","max-snippet":"max-snippet:-1","max-image-preview":"max-image-preview:large","max-video-preview":"max-video-preview:-1"},"canonical":"https:\/\/www.patenschaftsnetzwerk.de\/en\/imprint\/","og_locale":"en_US","og_type":"article","og_title":"Imprint - Patenschaftsnetzwerk Ortskr\u00e4fte","og_description":"Patenschaftsnetzwerk Ortskr\u00e4fte e.V.Eberswalder Stra\u00dfe 4616227 Eberswalde Register of Associations: VR 8507 PRegistration court: Amtsgericht Potsdam Represented by:Herr Grotian, Herr Hankel, Frau R\u00f6mbach, Herr Nekzai, Herr Paaksimaa Contact E-mail: info@patenschaftsnetzwerk.de Dispute resolution proceedings in front of a consumer arbitration board We are not willing or obliged to participate in dispute resolution proceedings in front of a\u2026 Read More &raquo;","og_url":"https:\/\/www.patenschaftsnetzwerk.de\/en\/imprint\/","og_site_name":"Patenschaftsnetzwerk Ortskr\u00e4fte","article_modified_time":"2024-05-22T14:34:28+00:00","twitter_card":"summary_large_image","twitter_misc":{"Est. reading time":"1 minute"},"schema":{"@context":"https:\/\/schema.org","@graph":[{"@type":"WebPage","@id":"https:\/\/www.patenschaftsnetzwerk.de\/en\/imprint\/","url":"https:\/\/www.patenschaftsnetzwerk.de\/en\/imprint\/","name":"Imprint - Patenschaftsnetzwerk Ortskr\u00e4fte","isPartOf":{"@id":"https:\/\/www.patenschaftsnetzwerk.de\/en\/#website"},"datePublished":"2024-01-04T09:26:56+00:00","dateModified":"2024-05-22T14:34:28+00:00","breadcrumb":{"@id":"https:\/\/www.patenschaftsnetzwerk.de\/en\/imprint\/#breadcrumb"},"inLanguage":"en-US","potentialAction":[{"@type":"ReadAction","target":["https:\/\/www.patenschaftsnetzwerk.de\/en\/imprint\/"]}]},{"@type":"BreadcrumbList","@id":"https:\/\/www.patenschaftsnetzwerk.de\/en\/imprint\/#breadcrumb","itemListElement":[{"@type":"ListItem","position":1,"name":"Startseite","item":"https:\/\/www.patenschaftsnetzwerk.de\/en\/"},{"@type":"ListItem","position":2,"name":"Imprint"}]},{"@type":"WebSite","@id":"https:\/\/www.patenschaftsnetzwerk.de\/en\/#website","url":"https:\/\/www.patenschaftsnetzwerk.de\/en\/","name":"Patenschaftsnetzwerk Ortskr\u00e4fte","description":"","potentialAction":[{"@type":"SearchAction","target":{"@type":"EntryPoint","urlTemplate":"https:\/\/www.patenschaftsnetzwerk.de\/en\/?s={search_term_string}"},"query-input":{"@type":"PropertyValueSpecification","valueRequired":true,"valueName":"search_term_string"}}],"inLanguage":"en-US"}]}},"_links":{"self":[{"href":"https:\/\/www.patenschaftsnetzwerk.de\/en\/wp-json\/wp\/v2\/pages\/1143","targetHints":{"allow":["GET"]}}],"collection":[{"href":"https:\/\/www.patenschaftsnetzwerk.de\/en\/wp-json\/wp\/v2\/pages"}],"about":[{"href":"https:\/\/www.patenschaftsnetzwerk.de\/en\/wp-json\/wp\/v2\/types\/page"}],"author":[{"embeddable":true,"href":"https:\/\/www.patenschaftsnetzwerk.de\/en\/wp-json\/wp\/v2\/users\/1"}],"replies":[{"embeddable":true,"href":"https:\/\/www.patenschaftsnetzwerk.de\/en\/wp-json\/wp\/v2\/comments?post=1143"}],"version-history":[{"count":3,"href":"https:\/\/www.patenschaftsnetzwerk.de\/en\/wp-json\/wp\/v2\/pages\/1143\/revisions"}],"predecessor-version":[{"id":1161,"href":"https:\/\/www.patenschaftsnetzwerk.de\/en\/wp-json\/wp\/v2\/pages\/1143\/revisions\/1161"}],"wp:attachment":[{"href":"https:\/\/www.patenschaftsnetzwerk.de\/en\/wp-json\/wp\/v2\/media?parent=1143"}],"curies":[{"name":"wp","href":"https:\/\/api.w.org\/{rel}","templated":true}]}}